{"id":87,"date":"2026-02-08T19:58:18","date_gmt":"2026-02-08T18:58:18","guid":{"rendered":"http:\/\/memco.local\/?page_id=87"},"modified":"2026-03-17T10:53:38","modified_gmt":"2026-03-17T09:53:38","slug":"au-bon-endroit","status":"publish","type":"page","link":"https:\/\/www.yanncourte.fr\/en\/au-bon-endroit\/","title":{"rendered":"Au Bon Endroit"},"content":{"rendered":"<div style=\"height:100px\" aria-hidden=\"true\" class=\"wp-block-spacer\"><\/div>\n\n\n\n<figure class=\"wp-block-embed is-type-video is-provider-vimeo wp-block-embed-vimeo wp-embed-aspect-16-9 wp-has-aspect-ratio\"><div class=\"wp-block-embed__wrapper\">\n<iframe loading=\"lazy\" title=\"Au Bon Endroit\" src=\"https:\/\/player.vimeo.com\/video\/114419431?dnt=1&amp;app_id=122963\" width=\"500\" height=\"281\" frameborder=\"0\" allow=\"autoplay; fullscreen; picture-in-picture; clipboard-write; encrypted-media; web-share\" referrerpolicy=\"strict-origin-when-cross-origin\"><\/iframe>\n<\/div><\/figure>\n\n\n\n<div style=\"height:100px\" aria-hidden=\"true\" class=\"wp-block-spacer\"><\/div>\n\n\n\n<p><em>Short film, 2mn21s, 2015 (subtitles available)<\/em><\/p>\n\n\n\n<p>Caroline and Laurent are having their first date.<br><br>Starring Nicolas Merle, Pauline Pouchin, Jonathan Santolin, Arnaud Nucit<br>Written by : Nicolas Merle<br>R\u00e9alisation : Yann Court\u00e9<br>Color correction and music : Supakriss<br>Special thanks : Restaurant Le March\u00e9, Phazzz Videolab<br><br>Festival selections :<br>&#8211; Nikon film festival (2015)<br>&#8211; Tr\u00e8s court international film festival (2015)<br>&#8211; Fifigrot &#8211; Festival international du film grolandais de Toulouse (2015)<br>&#8211; Les \u00e9crans de l&rsquo;humour (2015)<br>&#8211; Festival du court m\u00e9trage de Vichy (2016)<br>&#8211; Festival international du court m\u00e9trage Paul Simon (2016)<br>&#8211; Fifigrot (hors comp\u00e9tition) (2016)<br>&#8211; Festi-court de Corconne (2016)<br><br>TV airings<br>&#8211; T\u00e9l\u00e9 bocal (mai 2015)<br>&#8211; Com\u00e9die + (octobre 2015)<br>\u00a0<\/p>","protected":false},"excerpt":{"rendered":"<p>Court-m\u00e9trage, 2mn21s, 2015 Caroline et Laurent ont rendez-vous pour la premi\u00e8re fois. Avec Nicolas Merle, Pauline Pouchin, Jonathan Santolin, Arnaud NucitSc\u00e9nario : Nicolas MerleR\u00e9alisation : Yann Court\u00e9Post production et musique: SupakrissMerci au Restaurant Le March\u00e9 et \u00e0 Phazzz Videolab S\u00e9lectionn\u00e9 dans les festivals :&#8211; Nikon film festival (2015)&#8211; Tr\u00e8s court international film festival (2015)&#8211; Fifigrot [&hellip;]<\/p>\n","protected":false},"author":1,"featured_media":0,"parent":0,"menu_order":29,"comment_status":"closed","ping_status":"closed","template":"","meta":{"footnotes":""},"class_list":["post-87","page","type-page","status-publish","hentry"],"_links":{"self":[{"href":"https:\/\/www.yanncourte.fr\/en\/wp-json\/wp\/v2\/pages\/87","targetHints":{"allow":["GET"]}}],"collection":[{"href":"https:\/\/www.yanncourte.fr\/en\/wp-json\/wp\/v2\/pages"}],"about":[{"href":"https:\/\/www.yanncourte.fr\/en\/wp-json\/wp\/v2\/types\/page"}],"author":[{"embeddable":true,"href":"https:\/\/www.yanncourte.fr\/en\/wp-json\/wp\/v2\/users\/1"}],"replies":[{"embeddable":true,"href":"https:\/\/www.yanncourte.fr\/en\/wp-json\/wp\/v2\/comments?post=87"}],"version-history":[{"count":9,"href":"https:\/\/www.yanncourte.fr\/en\/wp-json\/wp\/v2\/pages\/87\/revisions"}],"predecessor-version":[{"id":1342,"href":"https:\/\/www.yanncourte.fr\/en\/wp-json\/wp\/v2\/pages\/87\/revisions\/1342"}],"wp:attachment":[{"href":"https:\/\/www.yanncourte.fr\/en\/wp-json\/wp\/v2\/media?parent=87"}],"curies":[{"name":"wp","href":"https:\/\/api.w.org\/{rel}","templated":true}]}}